{"id":375,"date":"2024-02-06T01:51:46","date_gmt":"2024-02-05T22:51:46","guid":{"rendered":"https:\/\/yeni.kadrajmedya.com\/?page_id=375"},"modified":"2024-02-09T23:13:09","modified_gmt":"2024-02-09T20:13:09","slug":"hizmetlerimiz","status":"publish","type":"page","link":"https:\/\/yeni.kadrajmedya.com\/?page_id=375","title":{"rendered":"Hizmetlerimiz"},"content":{"rendered":"\t\t<div data-elementor-type=\"wp-page\" data-elementor-id=\"375\" class=\"elementor elementor-375\">\n\t\t\t\t\t\t<section class=\"elementor-section elementor-top-section elementor-element elementor-element-1f95d83 elementor-section-content-middle elementor-section-boxed elementor-section-height-default elementor-section-height-default\" data-id=\"1f95d83\" data-element_type=\"section\">\n\t\t\t\t\t\t<div class=\"elementor-container elementor-column-gap-no\">\n\t\t\t\t\t<div class=\"aux-parallax-section elementor-column elementor-col-50 elementor-top-column elementor-element elementor-element-1ba5bec\" data-id=\"1ba5bec\" data-element_type=\"column\">\n\t\t\t<div class=\"elementor-widget-wrap elementor-element-populated\">\n\t\t\t\t\t\t<div class=\"elementor-element elementor-element-7f38aef aux-appear-watch-animation aux-fade-in-up-1 elementor-widget elementor-widget-aux_modern_heading\" data-id=\"7f38aef\" data-element_type=\"widget\" data-widget_type=\"aux_modern_heading.default\">\n\t\t\t\t<div class=\"elementor-widget-container\">\n\t\t\t<section class=\"aux-widget-modern-heading\">\n            <div class=\"aux-widget-inner\"><h4 class=\"aux-modern-heading-primary\"><\/h4><h3 class=\"aux-modern-heading-secondary\"><span class=\"aux-head-highlight\">m\u00fc\u015fterilerimize en iyi hizmeti  sa\u011fl\u0131yoruz!<\/span><\/h3><div class=\"aux-modern-heading-divider\"><\/div><div class=\"aux-modern-heading-description\"><p>Kadraj Medya, 20 y\u0131la a\u015fk\u0131n ileti\u015fim dan\u0131\u015fmanl\u0131\u011f\u0131 hizmeti sunarak marka ve \u00fcr\u00fcnlere de\u011fer kat\u0131yor. \u00d6zg\u00fcn fikirler ve etkin y\u00f6netimle fark yaratan \u00e7\u00f6z\u00fcmler \u00fcreterek marka konumland\u0131rmas\u0131 yap\u0131yor. \u0130leti\u015fimde do\u011fru dil ve kanal\u0131 kullanarak, markan\u0131n kimli\u011fini anlay\u0131p kamuoyuna istenilen mesaj\u0131 en etkili \u015fekilde iletiyor.<\/p><\/div><\/div>\n        <\/section>\t\t<\/div>\n\t\t\t\t<\/div>\n\t\t\t\t\t<\/div>\n\t\t<\/div>\n\t\t\t\t<div class=\"aux-parallax-section elementor-column elementor-col-50 elementor-top-column elementor-element elementor-element-0a40ae9\" data-id=\"0a40ae9\" data-element_type=\"column\">\n\t\t\t<div class=\"elementor-widget-wrap elementor-element-populated\">\n\t\t\t\t\t\t<div class=\"elementor-element elementor-element-c045516 aux-appear-watch-animation aux-scale-up elementor-widget elementor-widget-aux_image\" data-id=\"c045516\" data-element_type=\"widget\" data-widget_type=\"aux_image.default\">\n\t\t\t\t<div class=\"elementor-widget-container\">\n\t\t\t<section class=\"widget-container aux-widget-image aux-alignnone aux-parent-aua139f395\">\n    <div class=\"aux-media-hint-frame \">\n        <div class=\"aux-media-image \" >\n        \n            \n\n            \n            <img fetchpriority=\"high\" decoding=\"async\" width=\"926\" height=\"662\" src=\"https:\/\/yeni.kadrajmedya.com\/wp-content\/uploads\/2024\/02\/dmtitled-2-40x29.png\" class=\"aux-attachment aux-featured-image aux-attachment-id-263 aux-preload aux-has-preview\" alt=\"dmtitled-2\" data-ratio=\"1.4\" data-original-w=\"926\" data-src=\"https:\/\/yeni.kadrajmedya.com\/wp-content\/uploads\/2024\/02\/dmtitled-2.png\" \/>            \n                <\/div>\n    <\/div>\n\n<\/section><!-- widget-container -->\t\t<\/div>\n\t\t\t\t<\/div>\n\t\t\t\t\t<\/div>\n\t\t<\/div>\n\t\t\t\t\t<\/div>\n\t\t<\/section>\n\t\t\t\t<section class=\"elementor-section elementor-top-section elementor-element elementor-element-08526f4 elementor-section-boxed elementor-section-height-default elementor-section-height-default\" data-id=\"08526f4\" data-element_type=\"section\">\n\t\t\t\t\t\t<div class=\"elementor-container elementor-column-gap-default\">\n\t\t\t\t\t<div class=\"aux-parallax-section elementor-column elementor-col-100 elementor-top-column elementor-element elementor-element-ccbbf3e\" data-id=\"ccbbf3e\" data-element_type=\"column\">\n\t\t\t<div class=\"elementor-widget-wrap elementor-element-populated\">\n\t\t\t\t\t\t<section class=\"elementor-section elementor-inner-section elementor-element elementor-element-f61ded2 elementor-section-boxed elementor-section-height-default elementor-section-height-default\" data-id=\"f61ded2\" data-element_type=\"section\">\n\t\t\t\t\t\t<div class=\"elementor-container elementor-column-gap-no\">\n\t\t\t\t\t<div class=\"aux-parallax-section elementor-column elementor-col-33 elementor-inner-column elementor-element elementor-element-ccb9a08\" data-id=\"ccb9a08\" data-element_type=\"column\">\n\t\t\t<div class=\"elementor-widget-wrap elementor-element-populated\">\n\t\t\t\t\t\t<div class=\"elementor-element elementor-element-ca682cf elementor-widget elementor-widget-image\" data-id=\"ca682cf\" data-element_type=\"widget\" data-widget_type=\"image.default\">\n\t\t\t\t<div class=\"elementor-widget-container\">\n\t\t\t\t\t\t\t\t\t\t\t\t\t<img decoding=\"async\" width=\"768\" height=\"576\" src=\"https:\/\/yeni.kadrajmedya.com\/wp-content\/uploads\/2024\/02\/blog-goruntulu-reklamlarin-onemi-1024x5761-1-768x576.jpg\" class=\"attachment-medium_large size-medium_large wp-image-509\" alt=\"\" \/>\t\t\t\t\t\t\t\t\t\t\t\t\t<\/div>\n\t\t\t\t<\/div>\n\t\t\t\t<div class=\"elementor-element elementor-element-e8c63fa aux-appear-watch-animation aux-fade-in-left-2 elementor-widget elementor-widget-aux_modern_heading\" data-id=\"e8c63fa\" data-element_type=\"widget\" data-widget_type=\"aux_modern_heading.default\">\n\t\t\t\t<div class=\"elementor-widget-container\">\n\t\t\t<section class=\"aux-widget-modern-heading\">\n            <div class=\"aux-widget-inner\"><h2 class=\"aux-modern-heading-primary\">Performans Pazarlamas\u0131 ve dijital pazarlama<\/h2><div class=\"aux-modern-heading-description\"><p>- Sosyal Medya Reklamc\u0131l\u0131\u011f\u0131<\/p><p>- Arama Motoru Pazarlamas\u0131<\/p><p>- G\u00f6sterim ve Video Reklamc\u0131l\u0131\u011f\u0131<\/p><p>- Programatik Reklamc\u0131l\u0131k<\/p><p>- E-posta Pazarlamas\u0131<\/p><\/div><\/div>\n        <\/section>\t\t<\/div>\n\t\t\t\t<\/div>\n\t\t\t\t\t<\/div>\n\t\t<\/div>\n\t\t\t\t<div class=\"aux-parallax-section elementor-column elementor-col-33 elementor-inner-column elementor-element elementor-element-440c08c\" data-id=\"440c08c\" data-element_type=\"column\">\n\t\t\t<div class=\"elementor-widget-wrap elementor-element-populated\">\n\t\t\t\t\t\t<div class=\"elementor-element elementor-element-ea4c0e8 aux-appear-watch-animation aux-scale-down-1 elementor-widget elementor-widget-aux_modern_heading\" data-id=\"ea4c0e8\" data-element_type=\"widget\" data-widget_type=\"aux_modern_heading.default\">\n\t\t\t\t<div class=\"elementor-widget-container\">\n\t\t\t<section class=\"aux-widget-modern-heading\">\n            <div class=\"aux-widget-inner\"><h2 class=\"aux-modern-heading-primary\">Web Tasar\u0131m\u0131 ve Geli\u015ftirme<\/h2><div class=\"aux-modern-heading-description\"><p>- Marka Kimli\u011fi ve Stratejisi<\/p><p>- Marka Web Siteleri<\/p><p>- E-Ticaret Web Siteleri<\/p><p>- Web Uygulamalar\u0131<\/p><p>- Mobil Uygulamalar<\/p><\/div><\/div>\n        <\/section>\t\t<\/div>\n\t\t\t\t<\/div>\n\t\t\t\t\t<\/div>\n\t\t<\/div>\n\t\t\t\t<div class=\"aux-parallax-section elementor-column elementor-col-33 elementor-inner-column elementor-element elementor-element-3ccfaf2\" data-id=\"3ccfaf2\" data-element_type=\"column\">\n\t\t\t<div class=\"elementor-widget-wrap elementor-element-populated\">\n\t\t\t\t\t\t<div class=\"elementor-element elementor-element-78ae175 aux-appear-watch-animation aux-fade-in-right-2 elementor-widget elementor-widget-aux_modern_heading\" data-id=\"78ae175\" data-element_type=\"widget\" data-widget_type=\"aux_modern_heading.default\">\n\t\t\t\t<div class=\"elementor-widget-container\">\n\t\t\t<section class=\"aux-widget-modern-heading\">\n            <div class=\"aux-widget-inner\"><h2 class=\"aux-modern-heading-primary\">Video \u00dcretimi<\/h2><div class=\"aux-modern-heading-description\"><p>- Marka Videolar\u0131<\/p><p>- Reklamlar<\/p><p>- Tan\u0131t\u0131m Videolar\u0131<\/p><p>- Nas\u0131l Yap\u0131l\u0131r Videolar\u0131<\/p><p>- \u00dcr\u00fcn Videolar\u0131<\/p><p>- Sosyal medya i\u00e7erik videolar\u0131<\/p><p>- Belgesel \u00e7ekimleri<\/p><p>- K\u0131sa metrajl\u0131 film \u00e7ekimleri<\/p><\/div><\/div>\n        <\/section>\t\t<\/div>\n\t\t\t\t<\/div>\n\t\t\t\t\t<\/div>\n\t\t<\/div>\n\t\t\t\t\t<\/div>\n\t\t<\/section>\n\t\t\t\t<section class=\"elementor-section elementor-inner-section elementor-element elementor-element-2b6c3e2 elementor-section-boxed elementor-section-height-default elementor-section-height-default\" data-id=\"2b6c3e2\" data-element_type=\"section\">\n\t\t\t\t\t\t<div class=\"elementor-container elementor-column-gap-no\">\n\t\t\t\t\t<div class=\"aux-parallax-section elementor-column elementor-col-33 elementor-inner-column elementor-element elementor-element-081c7c4\" data-id=\"081c7c4\" data-element_type=\"column\">\n\t\t\t<div class=\"elementor-widget-wrap elementor-element-populated\">\n\t\t\t\t\t\t<div class=\"elementor-element elementor-element-15890c6 aux-appear-watch-animation aux-fade-in-left-2 elementor-widget elementor-widget-aux_modern_heading\" data-id=\"15890c6\" data-element_type=\"widget\" data-widget_type=\"aux_modern_heading.default\">\n\t\t\t\t<div class=\"elementor-widget-container\">\n\t\t\t<section class=\"aux-widget-modern-heading\">\n            <div class=\"aux-widget-inner\"><h2 class=\"aux-modern-heading-primary\">Halkla \u0130li\u015fkiler Dan\u0131\u015fmanl\u0131\u011f\u0131 <\/h2><div class=\"aux-modern-heading-description\"><p>- Medya \u0130li\u015fkileri Y\u00f6netimi<\/p><p>- Kriz \u0130leti\u015fimi Y\u00f6netimi<\/p><p>- Etkinlik ve Tan\u0131t\u0131m Organizasyonlar\u0131<\/p><p>- \u0130\u00e7erik olu\u015fturma ve bas\u0131n b\u00fclteni yazma.<\/p><p>- \u00dcnl\u00fc ve influencer i\u015fbirlikleri<\/p><\/div><\/div>\n        <\/section>\t\t<\/div>\n\t\t\t\t<\/div>\n\t\t\t\t\t<\/div>\n\t\t<\/div>\n\t\t\t\t<div class=\"aux-parallax-section elementor-column elementor-col-33 elementor-inner-column elementor-element elementor-element-91ecff1\" data-id=\"91ecff1\" data-element_type=\"column\">\n\t\t\t<div class=\"elementor-widget-wrap elementor-element-populated\">\n\t\t\t\t\t\t<div class=\"elementor-element elementor-element-91b6282 aux-appear-watch-animation aux-scale-down-1 elementor-widget elementor-widget-aux_modern_heading\" data-id=\"91b6282\" data-element_type=\"widget\" data-widget_type=\"aux_modern_heading.default\">\n\t\t\t\t<div class=\"elementor-widget-container\">\n\t\t\t<section class=\"aux-widget-modern-heading\">\n            <div class=\"aux-widget-inner\"><h2 class=\"aux-modern-heading-primary\">\u0130\u00e7erik Pazarlama<\/h2><div class=\"aux-modern-heading-description\"><p>- Blog Y\u00f6netimi<\/p><p>- E-kitap olu\u015fturma<\/p><p>- E-dergi olu\u015fturma<\/p><p>- E-katalog olu\u015fturma<\/p><p>- Video \u0130\u00e7erik \u00dcretimi<\/p><p>- Sosyal Medya \u0130\u00e7erik Stratejileri<\/p><\/div><\/div>\n        <\/section>\t\t<\/div>\n\t\t\t\t<\/div>\n\t\t\t\t\t<\/div>\n\t\t<\/div>\n\t\t\t\t<div class=\"aux-parallax-section elementor-column elementor-col-33 elementor-inner-column elementor-element elementor-element-4569d9e\" data-id=\"4569d9e\" data-element_type=\"column\">\n\t\t\t<div class=\"elementor-widget-wrap elementor-element-populated\">\n\t\t\t\t\t\t<div class=\"elementor-element elementor-element-b088f90 elementor-widget elementor-widget-image\" data-id=\"b088f90\" data-element_type=\"widget\" data-widget_type=\"image.default\">\n\t\t\t\t<div class=\"elementor-widget-container\">\n\t\t\t\t\t\t\t\t\t\t\t\t\t<img decoding=\"async\" width=\"1024\" height=\"854\" src=\"https:\/\/yeni.kadrajmedya.com\/wp-content\/uploads\/2024\/02\/1652356504-3-women-sitting-on-chair-in-fr1-1024x854.jpg\" class=\"attachment-large size-large wp-image-513\" alt=\"\" \/>\t\t\t\t\t\t\t\t\t\t\t\t\t<\/div>\n\t\t\t\t<\/div>\n\t\t\t\t<div class=\"elementor-element elementor-element-3bc4ba1 aux-appear-watch-animation aux-fade-in-right-2 elementor-widget elementor-widget-aux_modern_heading\" data-id=\"3bc4ba1\" data-element_type=\"widget\" data-widget_type=\"aux_modern_heading.default\">\n\t\t\t\t<div class=\"elementor-widget-container\">\n\t\t\t<section class=\"aux-widget-modern-heading\">\n            <div class=\"aux-widget-inner\"><h2 class=\"aux-modern-heading-primary\">Geleneksel Medya Hizmetleri<\/h2><div class=\"aux-modern-heading-description\"><p>- Bas\u0131n B\u00fclteni Haz\u0131rlama<\/p><p>- Bas\u0131n B\u00fclteni Da\u011f\u0131t\u0131m\u0131<\/p><p>- Bas\u0131n Toplant\u0131lar\u0131 Haz\u0131rlama<\/p><p>- Bas\u0131n \u0130li\u015fkileri Stratejileri<\/p><p>- Medya \u0130li\u015fkileri Kurma<\/p><p>- Bas\u0131n Takibi Hizmetleri<\/p><p>- Medya Raporlama Hizmetleri<\/p><\/div><\/div>\n        <\/section>\t\t<\/div>\n\t\t\t\t<\/div>\n\t\t\t\t\t<\/div>\n\t\t<\/div>\n\t\t\t\t\t<\/div>\n\t\t<\/section>\n\t\t\t\t<section class=\"elementor-section elementor-inner-section elementor-element elementor-element-5bc14c9 elementor-section-boxed elementor-section-height-default elementor-section-height-default\" data-id=\"5bc14c9\" data-element_type=\"section\">\n\t\t\t\t\t\t<div class=\"elementor-container elementor-column-gap-no\">\n\t\t\t\t\t<div class=\"aux-parallax-section elementor-column elementor-col-33 elementor-inner-column elementor-element elementor-element-25cfa84\" data-id=\"25cfa84\" data-element_type=\"column\">\n\t\t\t<div class=\"elementor-widget-wrap elementor-element-populated\">\n\t\t\t\t\t\t<div class=\"elementor-element elementor-element-fad8230 aux-appear-watch-animation aux-fade-in-left-2 elementor-widget elementor-widget-aux_modern_heading\" data-id=\"fad8230\" data-element_type=\"widget\" data-widget_type=\"aux_modern_heading.default\">\n\t\t\t\t<div class=\"elementor-widget-container\">\n\t\t\t<section class=\"aux-widget-modern-heading\">\n            <div class=\"aux-widget-inner\"><h2 class=\"aux-modern-heading-primary\">Reklam Hizmetleri<\/h2><div class=\"aux-modern-heading-description\"><p>- Sosyal medya reklamlar\u0131<\/p><p>- Google reklamlar\u0131<\/p><p>- Geleneksel medya reklamlar\u0131<\/p><p>- Dergi reklamlar\u0131<\/p><p>- Internet reklamlar\u0131<\/p><\/div><\/div>\n        <\/section>\t\t<\/div>\n\t\t\t\t<\/div>\n\t\t\t\t\t<\/div>\n\t\t<\/div>\n\t\t\t\t<div class=\"aux-parallax-section elementor-column elementor-col-33 elementor-inner-column elementor-element elementor-element-c7f94e3\" data-id=\"c7f94e3\" data-element_type=\"column\">\n\t\t\t<div class=\"elementor-widget-wrap elementor-element-populated\">\n\t\t\t\t\t\t<div class=\"elementor-element elementor-element-e7200a8 elementor-widget elementor-widget-image\" data-id=\"e7200a8\" data-element_type=\"widget\" data-widget_type=\"image.default\">\n\t\t\t\t<div class=\"elementor-widget-container\">\n\t\t\t\t\t\t\t\t\t\t\t\t\t<img loading=\"lazy\" decoding=\"async\" width=\"2560\" height=\"1704\" src=\"https:\/\/yeni.kadrajmedya.com\/wp-content\/uploads\/2024\/02\/fd1fa667356036196dce952134c568ce1-scaled.jpeg\" class=\"attachment-full size-full wp-image-391\" alt=\"\" srcset=\"https:\/\/yeni.kadrajmedya.com\/wp-content\/uploads\/2024\/02\/fd1fa667356036196dce952134c568ce1-scaled.jpeg 2560w, https:\/\/yeni.kadrajmedya.com\/wp-content\/uploads\/2024\/02\/fd1fa667356036196dce952134c568ce1-1536x1022.jpeg 1536w, https:\/\/yeni.kadrajmedya.com\/wp-content\/uploads\/2024\/02\/fd1fa667356036196dce952134c568ce1-2048x1363.jpeg 2048w, https:\/\/yeni.kadrajmedya.com\/wp-content\/uploads\/2024\/02\/fd1fa667356036196dce952134c568ce1-200x133.jpeg 200w\" sizes=\"(max-width: 2560px) 100vw, 2560px\" \/>\t\t\t\t\t\t\t\t\t\t\t\t\t<\/div>\n\t\t\t\t<\/div>\n\t\t\t\t<div class=\"elementor-element elementor-element-3e80ae0 aux-appear-watch-animation aux-scale-down-1 elementor-widget elementor-widget-aux_modern_heading\" data-id=\"3e80ae0\" data-element_type=\"widget\" data-widget_type=\"aux_modern_heading.default\">\n\t\t\t\t<div class=\"elementor-widget-container\">\n\t\t\t<section class=\"aux-widget-modern-heading\">\n            <div class=\"aux-widget-inner\"><h2 class=\"aux-modern-heading-primary\">Foto\u011fraf<\/h2><div class=\"aux-modern-heading-description\"><p>- Profesyonel Foto\u011fraf \u00c7ekimi<\/p><p>- Mimari Foto\u011fraf \u00c7ekimleri<\/p><p>- \u00dcr\u00fcn \u00c7ekimleri<\/p><p>- Model \u00c7ekimleri<\/p><p>- Fabrika \u00c7ekimleri<\/p><p>- Drone \u00c7ekimleri<\/p><\/div><\/div>\n        <\/section>\t\t<\/div>\n\t\t\t\t<\/div>\n\t\t\t\t\t<\/div>\n\t\t<\/div>\n\t\t\t\t<div class=\"aux-parallax-section elementor-column elementor-col-33 elementor-inner-column elementor-element elementor-element-4e3fdf6\" data-id=\"4e3fdf6\" data-element_type=\"column\">\n\t\t\t<div class=\"elementor-widget-wrap elementor-element-populated\">\n\t\t\t\t\t\t<div class=\"elementor-element elementor-element-92aae5c aux-appear-watch-animation aux-fade-in-right-2 elementor-widget elementor-widget-aux_modern_heading\" data-id=\"92aae5c\" data-element_type=\"widget\" data-widget_type=\"aux_modern_heading.default\">\n\t\t\t\t<div class=\"elementor-widget-container\">\n\t\t\t<section class=\"aux-widget-modern-heading\">\n            <div class=\"aux-widget-inner\"><h2 class=\"aux-modern-heading-primary\">Tasar\u0131m ve Bask\u0131 \u0130\u015fleri<\/h2><div class=\"aux-modern-heading-description\"><p>- Logo Tasar\u0131mlar\u0131 Haz\u0131rlama<\/p><p>- Bro\u015f\u00fcr Tasar\u0131mlar\u0131 ve Bask\u0131<\/p><p>- Afi\u015f Tasar\u0131mlar\u0131 ve Bask\u0131<\/p><p>- Ambalaj Tasar\u0131mlar\u0131<\/p><p>- Kurumsal kimlik \u00e7al\u0131\u015fmalar\u0131<\/p><\/div><\/div>\n        <\/section>\t\t<\/div>\n\t\t\t\t<\/div>\n\t\t\t\t\t<\/div>\n\t\t<\/div>\n\t\t\t\t\t<\/div>\n\t\t<\/section>\n\t\t\t\t\t<\/div>\n\t\t<\/div>\n\t\t\t\t\t<\/div>\n\t\t<\/section>\n\t\t\t\t<\/div>\n\t\t","protected":false},"excerpt":{"rendered":"<p>m\u00fc\u015fterilerimize en iyi hizmeti sa\u011fl\u0131yoruz! Kadraj Medya, 20 y\u0131la a\u015fk\u0131n ileti\u015fim dan\u0131\u015fmanl\u0131\u011f\u0131 hizmeti sunarak marka ve \u00fcr\u00fcnlere de\u011fer kat\u0131yor. \u00d6zg\u00fcn fikirler ve etkin y\u00f6netimle fark yaratan \u00e7\u00f6z\u00fcmler \u00fcreterek marka konumland\u0131rmas\u0131 yap\u0131yor. \u0130leti\u015fimde do\u011fru dil ve kanal\u0131 kullanarak, markan\u0131n kimli\u011fini anlay\u0131p kamuoyuna istenilen mesaj\u0131 en etkili \u015fekilde iletiyor. Performans Pazarlamas\u0131 ve dijital pazarlama &#8211; Sosyal Medya [&hellip;]<\/p>\n","protected":false},"author":1,"featured_media":0,"parent":0,"menu_order":0,"comment_status":"closed","ping_status":"closed","template":"","meta":{"footnotes":""},"class_list":["post-375","page","type-page","status-publish","hentry"],"_links":{"self":[{"href":"https:\/\/yeni.kadrajmedya.com\/index.php?rest_route=\/wp\/v2\/pages\/375","targetHints":{"allow":["GET"]}}],"collection":[{"href":"https:\/\/yeni.kadrajmedya.com\/index.php?rest_route=\/wp\/v2\/pages"}],"about":[{"href":"https:\/\/yeni.kadrajmedya.com\/index.php?rest_route=\/wp\/v2\/types\/page"}],"author":[{"embeddable":true,"href":"https:\/\/yeni.kadrajmedya.com\/index.php?rest_route=\/wp\/v2\/users\/1"}],"replies":[{"embeddable":true,"href":"https:\/\/yeni.kadrajmedya.com\/index.php?rest_route=%2Fwp%2Fv2%2Fcomments&post=375"}],"version-history":[{"count":19,"href":"https:\/\/yeni.kadrajmedya.com\/index.php?rest_route=\/wp\/v2\/pages\/375\/revisions"}],"predecessor-version":[{"id":516,"href":"https:\/\/yeni.kadrajmedya.com\/index.php?rest_route=\/wp\/v2\/pages\/375\/revisions\/516"}],"wp:attachment":[{"href":"https:\/\/yeni.kadrajmedya.com\/index.php?rest_route=%2Fwp%2Fv2%2Fmedia&parent=375"}],"curies":[{"name":"wp","href":"https:\/\/api.w.org\/{rel}","templated":true}]}}